{"id":62,"date":"2026-05-03T13:18:35","date_gmt":"2026-05-03T13:18:35","guid":{"rendered":"https:\/\/rtagroup.lt\/?page_id=62"},"modified":"2026-05-03T15:45:59","modified_gmt":"2026-05-03T15:45:59","slug":"kontaktai","status":"publish","type":"page","link":"https:\/\/rtagroup.lt\/?page_id=62","title":{"rendered":"Kontaktai"},"content":{"rendered":"\t\t<div data-elementor-type=\"wp-page\" data-elementor-id=\"62\" class=\"elementor elementor-62\">\n\t\t\t\t<div class=\"elementor-element elementor-element-54af456 e-con-full e-flex wpr-particle-no wpr-jarallax-no wpr-parallax-no wpr-sticky-section-no wpr-equal-height-no e-con e-parent\" data-id=\"54af456\" data-element_type=\"container\" data-e-type=\"container\">\n\t\t\t\t<div class=\"elementor-element elementor-element-6abd1a6 elementor-widget elementor-widget-rta_page_banner\" data-id=\"6abd1a6\" data-element_type=\"widget\" data-e-type=\"widget\" data-widget_type=\"rta_page_banner.default\">\n\t\t\t\t<div class=\"elementor-widget-container\">\n\t\t\t\t\t\t\t<section class=\"page-banner\">\n\t\t  <div class=\"container\">\n\t\t\t<div class=\"breadcrumb\">\n\t\t\t  <a href=\"https:\/\/rtagroup.lt\/\">Prad\u017eia<\/a>\n\t\t\t  <span class=\"sep\">\/<\/span>\n\t\t\t  <span>Apie mus<\/span>\n\t\t\t<\/div>\n\t\t\t<h1>Apie RTA Group<\/h1>\n\t\t\t<p>Daugiau nei de\u0161imtmet\u012f siejame kvalifikuotus pramon\u0117s specialistus su patikimais u\u017esienio darbdaviais.\n<\/p>\t\t  <\/div>\n\t\t<\/section>\n\t\t\t\t\t\t<\/div>\n\t\t\t\t<\/div>\n\t\t\t\t<\/div>\n\t\t<div class=\"elementor-element elementor-element-f9d6596 e-flex e-con-boxed wpr-particle-no wpr-jarallax-no wpr-parallax-no wpr-sticky-section-no wpr-equal-height-no e-con e-parent\" data-id=\"f9d6596\" data-element_type=\"container\" data-e-type=\"container\">\n\t\t\t\t\t<div class=\"e-con-inner\">\n\t\t\t\t<div class=\"elementor-element elementor-element-4ab9816 elementor-widget elementor-widget-rta_contact_block\" data-id=\"4ab9816\" data-element_type=\"widget\" data-e-type=\"widget\" data-widget_type=\"rta_contact_block.default\">\n\t\t\t\t<div class=\"elementor-widget-container\">\n\t\t\t\t\t\t\t<section class=\"contact-section rta-forms-block\" data-uid=\"rta-cb-9575\">\n\t\t  <div class=\"container\">\n\t\t\t<div class=\"contact-grid\">\n\n\t\t\t  <!-- Info card -->\n\t\t\t  <div class=\"contact-info\">\n\t\t\t\t<h3>Susisiekite su mumis<\/h3>\n\t\t\t\t<p>M\u016bs\u0173 komanda pasiruo\u0161usi pad\u0117ti. Pasirinkite jums patogiausi\u0105 b\u016bd\u0105 \u2013 paprastai atsakome per vien\u0105 darbo dien\u0105.<\/p>\t\t\t\t<ul class=\"contact-list\">\n\t\t\t\t  \t\t\t\t\t<li class=\"contact-item\">\n\t\t\t\t\t  <div class=\"contact-icon\"><svg width=\"20\" height=\"20\" viewBox=\"0 0 24 24\" fill=\"none\" stroke=\"currentColor\" stroke-width=\"2\"><path d=\"M22 16.92v3a2 2 0 0 1-2.18 2 19.79 19.79 0 0 1-8.63-3.07 19.5 19.5 0 0 1-6-6 19.79 19.79 0 0 1-3.07-8.67A2 2 0 0 1 4.11 2h3a2 2 0 0 1 2 1.72 12.84 12.84 0 0 0 .7 2.81 2 2 0 0 1-.45 2.11L8.09 9.91a16 16 0 0 0 6 6l1.27-1.27a2 2 0 0 1 2.11-.45 12.84 12.84 0 0 0 2.81.7A2 2 0 0 1 22 16.92z\"\/><\/svg><\/div>\n\t\t\t\t\t  <div>\n\t\t\t\t\t\t<div class=\"contact-item-label\">Telefonas<\/div>\n\t\t\t\t\t\t\t\t\t\t\t\t  <a href=\"tel:+37064194446\" class=\"contact-item-value\">+370 641 94446<\/a>\n\t\t\t\t\t\t\t\t\t\t\t  <\/div>\n\t\t\t\t\t<\/li>\n\t\t\t\t  \t\t\t\t\t<li class=\"contact-item\">\n\t\t\t\t\t  <div class=\"contact-icon\"><svg width=\"20\" height=\"20\" viewBox=\"0 0 24 24\" fill=\"none\" stroke=\"currentColor\" stroke-width=\"2\"><path d=\"M4 4h16c1.1 0 2 .9 2 2v12c0 1.1-.9 2-2 2H4c-1.1 0-2-.9-2-2V6c0-1.1.9-2 2-2z\"\/><polyline points=\"22,6 12,13 2,6\"\/><\/svg><\/div>\n\t\t\t\t\t  <div>\n\t\t\t\t\t\t<div class=\"contact-item-label\">El. pa\u0161tas \u2014 Robertas<\/div>\n\t\t\t\t\t\t\t\t\t\t\t\t  <a href=\"mailto:robertas@rtagroup.lt\" class=\"contact-item-value\">robertas@rtagroup.lt<\/a>\n\t\t\t\t\t\t\t\t\t\t\t  <\/div>\n\t\t\t\t\t<\/li>\n\t\t\t\t  \t\t\t\t\t<li class=\"contact-item\">\n\t\t\t\t\t  <div class=\"contact-icon\"><svg width=\"20\" height=\"20\" viewBox=\"0 0 24 24\" fill=\"none\" stroke=\"currentColor\" stroke-width=\"2\"><path d=\"M4 4h16c1.1 0 2 .9 2 2v12c0 1.1-.9 2-2 2H4c-1.1 0-2-.9-2-2V6c0-1.1.9-2 2-2z\"\/><polyline points=\"22,6 12,13 2,6\"\/><\/svg><\/div>\n\t\t\t\t\t  <div>\n\t\t\t\t\t\t<div class=\"contact-item-label\">El. pa\u0161tas \u2014 Agata<\/div>\n\t\t\t\t\t\t\t\t\t\t\t\t  <a href=\"mailto:agata@rtagroup.lt\" class=\"contact-item-value\">agata@rtagroup.lt<\/a>\n\t\t\t\t\t\t\t\t\t\t\t  <\/div>\n\t\t\t\t\t<\/li>\n\t\t\t\t  \t\t\t\t\t<li class=\"contact-item\">\n\t\t\t\t\t  <div class=\"contact-icon\"><svg width=\"20\" height=\"20\" viewBox=\"0 0 24 24\" fill=\"none\" stroke=\"currentColor\" stroke-width=\"2\"><path d=\"M21 10c0 7-9 13-9 13s-9-6-9-13a9 9 0 0 1 18 0z\"\/><circle cx=\"12\" cy=\"10\" r=\"3\"\/><\/svg><\/div>\n\t\t\t\t\t  <div>\n\t\t\t\t\t\t<div class=\"contact-item-label\">Vietov\u0117<\/div>\n\t\t\t\t\t\t\t\t\t\t\t\t  <span class=\"contact-item-value\">Lietuva<\/span>\n\t\t\t\t\t\t\t\t\t\t\t  <\/div>\n\t\t\t\t\t<\/li>\n\t\t\t\t  \t\t\t\t\t<li class=\"contact-item\">\n\t\t\t\t\t  <div class=\"contact-icon\"><svg width=\"20\" height=\"20\" viewBox=\"0 0 24 24\" fill=\"none\" stroke=\"currentColor\" stroke-width=\"2\"><circle cx=\"12\" cy=\"12\" r=\"10\"\/><polyline points=\"12 6 12 12 16 14\"\/><\/svg><\/div>\n\t\t\t\t\t  <div>\n\t\t\t\t\t\t<div class=\"contact-item-label\">Darbo valandos<\/div>\n\t\t\t\t\t\t\t\t\t\t\t\t  <span class=\"contact-item-value\">Pir\u2013Pen, 9:00\u201318:00<\/span>\n\t\t\t\t\t\t\t\t\t\t\t  <\/div>\n\t\t\t\t\t<\/li>\n\t\t\t\t  \t\t\t\t<\/ul>\n\t\t\t  <\/div>\n\n\t\t\t  <!-- Form -->\n\t\t\t  <div class=\"contact-form-wrap\">\n\t\t\t\t<div class=\"forms-tabs\">\n\t\t\t\t  <button class=\"tab-btn active\" type=\"button\" data-tab=\"rta-cb-9575-emp\">\n\t\t\t\t\t<svg width=\"16\" height=\"16\" viewBox=\"0 0 24 24\" fill=\"none\" stroke=\"currentColor\" stroke-width=\"2\"><path d=\"M16 21v-2a4 4 0 0 0-4-4H5a4 4 0 0 0-4 4v2\"\/><circle cx=\"8.5\" cy=\"7\" r=\"4\"\/><path d=\"M20 8v6\"\/><path d=\"M23 11h-6\"\/><\/svg>\n\t\t\t\t\tIe\u0161kau darbuotoj\u0173\t\t\t\t  <\/button>\n\t\t\t\t  <button class=\"tab-btn\" type=\"button\" data-tab=\"rta-cb-9575-seek\">\n\t\t\t\t\t<svg width=\"16\" height=\"16\" viewBox=\"0 0 24 24\" fill=\"none\" stroke=\"currentColor\" stroke-width=\"2\"><rect x=\"2\" y=\"7\" width=\"20\" height=\"14\" rx=\"2\" ry=\"2\"\/><path d=\"M16 21V5a2 2 0 0 0-2-2h-4a2 2 0 0 0-2 2v16\"\/><\/svg>\n\t\t\t\t\tIe\u0161kau darbo\t\t\t\t  <\/button>\n\t\t\t\t<\/div>\n\n\t\t\t\t<!-- Employer form -->\n\t\t\t\t<div class=\"form-pane active\" id=\"rta-cb-9575-emp\">\n\t\t\t\t  <div class=\"form-header\">\n\t\t\t\t\t<h3>\u012edarbinkite kvalifikuotus pramon\u0117s darbuotojus<\/h3>\n\t\t\t\t\t<p>Papasakokite apie savo projekt\u0105, ir mes parinksime tinkamus specialistus.<\/p>\n\t\t\t\t  <\/div>\n\t\t\t\t  <form class=\"rta-ajax-form\" data-form-type=\"contact_employer\">\n\t\t\t\t\t<input type=\"hidden\" name=\"form_type\" value=\"contact_employer\">\n\t\t\t\t\t<div class=\"form-row\">\n\t\t\t\t\t  <div class=\"form-group\"><label>\u012emon\u0117s pavadinimas *<\/label><input type=\"text\" name=\"company_name\" class=\"form-control\" required><\/div>\n\t\t\t\t\t  <div class=\"form-group\"><label>Kontaktinis asmuo *<\/label><input type=\"text\" name=\"contact_person\" class=\"form-control\" required><\/div>\n\t\t\t\t\t<\/div>\n\t\t\t\t\t<div class=\"form-row\">\n\t\t\t\t\t  <div class=\"form-group\"><label>El. pa\u0161tas *<\/label><input type=\"email\" name=\"email\" class=\"form-control\" required><\/div>\n\t\t\t\t\t  <div class=\"form-group\"><label>Telefono numeris<\/label><input type=\"tel\" name=\"phone\" class=\"form-control\"><\/div>\n\t\t\t\t\t<\/div>\n\t\t\t\t\t<div class=\"form-group\"><label>Reikalingi specialistai *<\/label>\n\t\t\t\t\t  <select name=\"specialists_needed\" class=\"form-control\" required>\n\t\t\t\t\t\t<option value=\"\">Pasirinkite specialyb\u0119<\/option>\n\t\t\t\t\t\t<option>Pramoniniai da\u017eytojai<\/option>\n\t\t\t\t\t\t<option>Suvirintojai<\/option>\n\t\t\t\t\t\t<option>Metalo konstrukcij\u0173 darbuotojai<\/option>\n\t\t\t\t\t\t<option>Kiti pramon\u0117s specialistai<\/option>\n\t\t\t\t\t\t<option>Kelios specialyb\u0117s<\/option>\n\t\t\t\t\t  <\/select>\n\t\t\t\t\t<\/div>\n\t\t\t\t\t<div class=\"form-group\"><label>Projekto detal\u0117s<\/label>\n\t\t\t\t\t  <textarea name=\"details\" class=\"form-control\" placeholder=\"Trumpai apra\u0161ykite savo projekt\u0105, reikalavimus ir terminus...\"><\/textarea>\n\t\t\t\t\t<\/div>\n\t\t\t\t\t<label class=\"form-checkbox\"><input type=\"checkbox\" name=\"consent\" required><span>Sutinku, kad mano duomenys b\u016bt\u0173 tvarkomi \u0161ios u\u017eklausos tikslu.<\/span><\/label>\n\t\t\t\t\t<button type=\"submit\" class=\"form-submit\">Si\u0173sti u\u017eklaus\u0105 <svg width=\"16\" height=\"16\" viewBox=\"0 0 24 24\" fill=\"none\" stroke=\"currentColor\" stroke-width=\"2.5\"><line x1=\"22\" y1=\"2\" x2=\"11\" y2=\"13\"\/><polygon points=\"22 2 15 22 11 13 2 9 22 2\"\/><\/svg><\/button>\n\t\t\t\t  <\/form>\n\t\t\t\t<\/div>\n\n\t\t\t\t<!-- Seeker form -->\n\t\t\t\t<div class=\"form-pane\" id=\"rta-cb-9575-seek\">\n\t\t\t\t  <div class=\"form-header\">\n\t\t\t\t\t<h3>Pateikti parai\u0161k\u0105 darbui u\u017esienyje<\/h3>\n\t\t\t\t\t<p>Pateikite savo duomenis, ir mes susisieksime d\u0117l tinkam\u0173 galimybi\u0173.<\/p>\n\t\t\t\t  <\/div>\n\t\t\t\t  <form class=\"rta-ajax-form\" data-form-type=\"contact_seeker\">\n\t\t\t\t\t<input type=\"hidden\" name=\"form_type\" value=\"contact_seeker\">\n\t\t\t\t\t<div class=\"form-row\">\n\t\t\t\t\t  <div class=\"form-group\"><label>Vardas, pavard\u0117 *<\/label><input type=\"text\" name=\"full_name\" class=\"form-control\" required><\/div>\n\t\t\t\t\t  <div class=\"form-group\"><label>Telefono numeris *<\/label><input type=\"tel\" name=\"phone\" class=\"form-control\" required><\/div>\n\t\t\t\t\t<\/div>\n\t\t\t\t\t<div class=\"form-group\"><label>El. pa\u0161tas *<\/label><input type=\"email\" name=\"email\" class=\"form-control\" required><\/div>\n\t\t\t\t\t<div class=\"form-group\"><label>J\u016bs\u0173 specialyb\u0117 *<\/label>\n\t\t\t\t\t  <select name=\"specialty\" class=\"form-control\" required>\n\t\t\t\t\t\t<option value=\"\">Pasirinkite profesij\u0105<\/option>\n\t\t\t\t\t\t<option>Pramoninis da\u017eytojas<\/option>\n\t\t\t\t\t\t<option>Suvirintojas<\/option>\n\t\t\t\t\t\t<option>Metalo konstrukcij\u0173 darbuotojas<\/option>\n\t\t\t\t\t\t<option>Kitas pramon\u0117s specialistas<\/option>\n\t\t\t\t\t  <\/select>\n\t\t\t\t\t<\/div>\n\t\t\t\t\t<div class=\"form-group\"><label>Apie save<\/label>\n\t\t\t\t\t  <textarea name=\"about\" class=\"form-control\" placeholder=\"Trumpai apra\u0161ykite savo patirt\u012f, sertifikatus ir pageidaujamas darbo vietas...\"><\/textarea>\n\t\t\t\t\t<\/div>\n\t\t\t\t\t<label class=\"form-checkbox\"><input type=\"checkbox\" name=\"consent\" required><span>Sutinku, kad mano duomenys b\u016bt\u0173 tvarkomi \u0161ios parai\u0161kos tikslu.<\/span><\/label>\n\t\t\t\t\t<button type=\"submit\" class=\"form-submit\">Si\u0173sti parai\u0161k\u0105 <svg width=\"16\" height=\"16\" viewBox=\"0 0 24 24\" fill=\"none\" stroke=\"currentColor\" stroke-width=\"2.5\"><line x1=\"22\" y1=\"2\" x2=\"11\" y2=\"13\"\/><polygon points=\"22 2 15 22 11 13 2 9 22 2\"\/><\/svg><\/button>\n\t\t\t\t  <\/form>\n\t\t\t\t<\/div>\n\n\t\t\t  <\/div>\n\t\t\t<\/div>\n\t\t  <\/div>\n\t\t<\/section>\n\t\t\t\t\t\t<\/div>\n\t\t\t\t<\/div>\n\t\t\t\t\t<\/div>\n\t\t\t\t<\/div>\n\t\t\t\t<\/div>\n\t\t","protected":false},"excerpt":{"rendered":"<p>Prad\u017eia \/ Apie mus Apie RTA Group Daugiau nei de\u0161imtmet\u012f siejame kvalifikuotus pramon\u0117s specialistus su patikimais u\u017esienio darbdaviais. Susisiekite su mumis M\u016bs\u0173 komanda pasiruo\u0161usi pad\u0117ti. Pasirinkite jums patogiausi\u0105 b\u016bd\u0105 \u2013 paprastai atsakome per vien\u0105 darbo dien\u0105. Telefonas +370 641 94446 El. pa\u0161tas \u2014 Robertas robertas@rtagroup.lt El. pa\u0161tas \u2014 Agata agata@rtagroup.lt Vietov\u0117 Lietuva Darbo valandos Pir\u2013Pen, 9:00\u201318:00 Ie\u0161kau darbuotoj\u0173 Ie\u0161kau darbo \u012edarbinkite kvalifikuotus pramon\u0117s darbuotojus Papasakokite apie savo projekt\u0105, ir mes parinksime tinkamus specialistus. \u012emon\u0117s pavadinimas * Kontaktinis asmuo * El. pa\u0161tas * Telefono numeris Reikalingi specialistai * Pasirinkite specialyb\u0119Pramoniniai da\u017eytojaiSuvirintojaiMetalo konstrukcij\u0173 darbuotojaiKiti pramon\u0117s specialistaiKelios specialyb\u0117s Projekto detal\u0117s Sutinku, kad mano duomenys b\u016bt\u0173 tvarkomi \u0161ios u\u017eklausos tikslu. Si\u0173sti u\u017eklaus\u0105 Pateikti parai\u0161k\u0105 darbui u\u017esienyje Pateikite savo duomenis, ir mes susisieksime d\u0117l tinkam\u0173 galimybi\u0173. Vardas, pavard\u0117 * Telefono numeris * El. pa\u0161tas * J\u016bs\u0173 specialyb\u0117 * Pasirinkite profesij\u0105Pramoninis da\u017eytojasSuvirintojasMetalo konstrukcij\u0173 darbuotojasKitas pramon\u0117s specialistas Apie save Sutinku, kad mano duomenys b\u016bt\u0173 tvarkomi \u0161ios parai\u0161kos tikslu. Si\u0173sti parai\u0161k\u0105<\/p>\n","protected":false},"author":1,"featured_media":0,"parent":0,"menu_order":0,"comment_status":"closed","ping_status":"closed","template":"elementor_header_footer","meta":{"footnotes":""},"class_list":["post-62","page","type-page","status-publish","hentry"],"_links":{"self":[{"href":"https:\/\/rtagroup.lt\/index.php?rest_route=\/wp\/v2\/pages\/62","targetHints":{"allow":["GET"]}}],"collection":[{"href":"https:\/\/rtagroup.lt\/index.php?rest_route=\/wp\/v2\/pages"}],"about":[{"href":"https:\/\/rtagroup.lt\/index.php?rest_route=\/wp\/v2\/types\/page"}],"author":[{"embeddable":true,"href":"https:\/\/rtagroup.lt\/index.php?rest_route=\/wp\/v2\/users\/1"}],"replies":[{"embeddable":true,"href":"https:\/\/rtagroup.lt\/index.php?rest_route=%2Fwp%2Fv2%2Fcomments&post=62"}],"version-history":[{"count":10,"href":"https:\/\/rtagroup.lt\/index.php?rest_route=\/wp\/v2\/pages\/62\/revisions"}],"predecessor-version":[{"id":130,"href":"https:\/\/rtagroup.lt\/index.php?rest_route=\/wp\/v2\/pages\/62\/revisions\/130"}],"wp:attachment":[{"href":"https:\/\/rtagroup.lt\/index.php?rest_route=%2Fwp%2Fv2%2Fmedia&parent=62"}],"curies":[{"name":"wp","href":"https:\/\/api.w.org\/{rel}","templated":true}]}}