{"id":60,"date":"2026-05-03T13:18:25","date_gmt":"2026-05-03T13:18:25","guid":{"rendered":"https:\/\/rtagroup.lt\/?page_id=60"},"modified":"2026-05-03T15:35:37","modified_gmt":"2026-05-03T15:35:37","slug":"partneriai","status":"publish","type":"page","link":"https:\/\/rtagroup.lt\/?page_id=60","title":{"rendered":"Partneriai"},"content":{"rendered":"\t\t<div data-elementor-type=\"wp-page\" data-elementor-id=\"60\" class=\"elementor elementor-60\">\n\t\t\t\t<div class=\"elementor-element elementor-element-db334c9 e-con-full e-flex wpr-particle-no wpr-jarallax-no wpr-parallax-no wpr-sticky-section-no wpr-equal-height-no e-con e-parent\" data-id=\"db334c9\" data-element_type=\"container\" data-e-type=\"container\">\n\t\t\t\t<div class=\"elementor-element elementor-element-c77d944 elementor-widget elementor-widget-rta_page_banner\" data-id=\"c77d944\" data-element_type=\"widget\" data-e-type=\"widget\" data-widget_type=\"rta_page_banner.default\">\n\t\t\t\t<div class=\"elementor-widget-container\">\n\t\t\t\t\t\t\t<section class=\"page-banner\">\n\t\t  <div class=\"container\">\n\t\t\t<div class=\"breadcrumb\">\n\t\t\t  <a href=\"https:\/\/rtagroup.lt\/\">Prad\u017eia<\/a>\n\t\t\t  <span class=\"sep\">\/<\/span>\n\t\t\t  <span>Apie mus<\/span>\n\t\t\t<\/div>\n\t\t\t<h1>Apie RTA Group<\/h1>\n\t\t\t<p>Daugiau nei de\u0161imtmet\u012f siejame kvalifikuotus pramon\u0117s specialistus su patikimais u\u017esienio darbdaviais.\n<\/p>\t\t  <\/div>\n\t\t<\/section>\n\t\t\t\t\t\t<\/div>\n\t\t\t\t<\/div>\n\t\t\t\t<\/div>\n\t\t<div class=\"elementor-element elementor-element-05319f4 e-con-full e-flex wpr-particle-no wpr-jarallax-no wpr-parallax-no wpr-sticky-section-no wpr-equal-height-no e-con e-parent\" data-id=\"05319f4\" data-element_type=\"container\" data-e-type=\"container\">\n\t\t\t\t<div class=\"elementor-element elementor-element-2be1b7e elementor-widget elementor-widget-rta_partners\" data-id=\"2be1b7e\" data-element_type=\"widget\" data-e-type=\"widget\" data-widget_type=\"rta_partners.default\">\n\t\t\t\t<div class=\"elementor-widget-container\">\n\t\t\t\t\t\t\t<section class=\"partners\">\n\t\t  <div class=\"container\">\n\t\t\t<div class=\"section-head\">\n\t\t\t  <span class=\"eyebrow\">M\u016aS\u0172 PARTNERIAI<\/span>\t\t\t  <h2>Patikimi partneriai u\u017esienyje, su kuriais dirbame<\/h2>\n\t\t\t  <p class=\"partners-intro\">Bendradarbiaujame su patikrintais darbdaviais ir specializuotomis \u012fmon\u0117mis u\u017esienio rinkose \u2013 m\u016bs\u0173 darbuotojai \u012fdarbinami \u012f saugius, stabilius projektus su ilgalaikiu bendradarbiavimu.\n\n<\/p>\t\t\t<\/div>\n\n\t\t\t<div class=\"partners-grid\">\n\t\t\t  \t\t\t\t<div class=\"partner-card\">\n\t\t\t\t  \t\t\t\t\t<div class=\"partner-logo\" style=\"padding:12px;\"><img decoding=\"async\" src=\"https:\/\/rtagroup.lt\/wp-content\/uploads\/2026\/05\/TWIN-BOATS_02.png\" alt=\"Twin-Boats\" style=\"max-width:100%;max-height:100%;\"><\/div>\n\t\t\t\t  \t\t\t\t  <h3>Twin-Boats<\/h3>\n\t\t\t\t  <p class=\"partner-tagline\">In\u017eineriniai sprendimai vandens aplinkose<\/p>\t\t\t\t  <p class=\"partner-desc\">Ilgametis partneris, besispecializuojantis j\u016br\u0173 in\u017einerijos projektuose. Apr\u016bpinome juos kvalifikuotais suvirintojais ir metalo apdirbimo specialistais gamybos ir surinkimo darbams.\n<\/p>\t\t\t\t  \t\t\t\t\t<a href=\"https:\/\/twin-boats.com\" target=\"_blank\" rel=\"noopener\" class=\"partner-link\">Visit twin-boats.com <svg width=\"14\" height=\"14\" viewBox=\"0 0 24 24\" fill=\"none\" stroke=\"currentColor\" stroke-width=\"2.5\"><path d=\"M18 13v6a2 2 0 0 1-2 2H5a2 2 0 0 1-2-2V8a2 2 0 0 1 2-2h6\"\/><polyline points=\"15 3 21 3 21 9\"\/><line x1=\"10\" y1=\"14\" x2=\"21\" y2=\"3\"\/><\/svg><\/a>\n\t\t\t\t  \t\t\t\t<\/div>\n\t\t\t  \t\t\t\t<div class=\"partner-card\">\n\t\t\t\t  \t\t\t\t\t<div class=\"partner-logo\" style=\"padding:12px;\"><img decoding=\"async\" src=\"https:\/\/rtagroup.lt\/wp-content\/uploads\/2026\/05\/HAIA_Revivo_Group_Logo_white_150x75.png\" alt=\"Henry Allt i Allt\" style=\"max-width:100%;max-height:100%;\"><\/div>\n\t\t\t\t  \t\t\t\t  <h3>Henry Allt i Allt<\/h3>\n\t\t\t\t  <p class=\"partner-tagline\">Laiv\u0173 ir pramon\u0117s valymas, da\u017eymas ir metalizavimas<\/p>\t\t\t\t  <p class=\"partner-desc\">Patikimas partneris pramoninio pavir\u0161i\u0173 apdirbimo srityje. \u012e j\u0173 projektus siun\u010diame patyrusius pramon\u0117s da\u017eytojus ir pavir\u0161i\u0173 paruo\u0161imo specialistus.\n<\/p>\t\t\t\t  \t\t\t\t\t<a href=\"https:\/\/alltiallt.com\" target=\"_blank\" rel=\"noopener\" class=\"partner-link\">Visit alltiallt.com <svg width=\"14\" height=\"14\" viewBox=\"0 0 24 24\" fill=\"none\" stroke=\"currentColor\" stroke-width=\"2.5\"><path d=\"M18 13v6a2 2 0 0 1-2 2H5a2 2 0 0 1-2-2V8a2 2 0 0 1 2-2h6\"\/><polyline points=\"15 3 21 3 21 9\"\/><line x1=\"10\" y1=\"14\" x2=\"21\" y2=\"3\"\/><\/svg><\/a>\n\t\t\t\t  \t\t\t\t<\/div>\n\t\t\t  \t\t\t<\/div>\n\t\t  <\/div>\n\t\t<\/section>\n\t\t\t\t\t\t<\/div>\n\t\t\t\t<\/div>\n\t\t\t\t<\/div>\n\t\t<div class=\"elementor-element elementor-element-df93818 e-con-full e-flex wpr-particle-no wpr-jarallax-no wpr-parallax-no wpr-sticky-section-no wpr-equal-height-no e-con e-parent\" data-id=\"df93818\" data-element_type=\"container\" data-e-type=\"container\">\n\t\t\t\t<div class=\"elementor-element elementor-element-6418b77 elementor-widget elementor-widget-rta_why_us\" data-id=\"6418b77\" data-element_type=\"widget\" data-e-type=\"widget\" data-widget_type=\"rta_why_us.default\">\n\t\t\t\t<div class=\"elementor-widget-container\">\n\t\t\t\t\t\t\t<section class=\"why-us\">\n\t\t  <div class=\"container\">\n\t\t\t<div class=\"section-head\">\n\t\t\t  <span class=\"eyebrow\">KOD\u0116L RINKTIS MUS<\/span>\t\t\t  <h2>Kuo RTA Group i\u0161siskiria<\/h2>\n\t\t\t  <p>Derindami gilias rinkos \u017einias ir kruop\u0161\u010di\u0105 kandidat\u0173 atrank\u0105, pateikiame darbo j\u0117gos sprendimus, kurie veikia i\u0161 pirmo karto.\n<\/p>\t\t\t<\/div>\n\t\t\t<div class=\"why-grid\">\n\t\t\t  \t\t\t\t<div class=\"why-card\">\n\t\t\t\t  <div class=\"why-num\">01<\/div>\n\t\t\t\t  <div class=\"why-content\">\n\t\t\t\t\t<h3>Darbas su u\u017esienio rinkomis<\/h3>\n\t\t\t\t\t<p>Daugiamet\u0117 tiesiogin\u0117 patirtis dirbant su u\u017esienio \u012fmon\u0117mis ir ai\u0161kus j\u0173 reikalavim\u0173, standart\u0173 bei l\u016bkes\u010di\u0173 supratimas.\n<\/p>\n\t\t\t\t  <\/div>\n\t\t\t\t<\/div>\n\t\t\t  \t\t\t\t<div class=\"why-card\">\n\t\t\t\t  <div class=\"why-num\">02<\/div>\n\t\t\t\t  <div class=\"why-content\">\n\t\t\t\t\t<h3>Patikrinti darbuotojai<\/h3>\n\t\t\t\t\t<p>Kiekvienas kandidatas atrenkamas atsakingai \u2013 tikriname patirt\u012f, kvalifikacij\u0105 ir asmenin\u012f patikimum\u0105 prie\u0161 pateikdami darbdaviui.\n<\/p>\n\t\t\t\t  <\/div>\n\t\t\t\t<\/div>\n\t\t\t  \t\t\t\t<div class=\"why-card\">\n\t\t\t\t  <div class=\"why-num\">03<\/div>\n\t\t\t\t  <div class=\"why-content\">\n\t\t\t\t\t<h3>Visapusi\u0161ka \u012fdarbinimo paslauga<\/h3>\n\t\t\t\t\t<p>Tvarkome dokumentus, koordinuojame i\u0161vykim\u0105 ir palaikome ry\u0161\u012f vis\u0105 darbo laikotarp\u012f \u2013 su abiem pus\u0117mis.\n<\/p>\n\t\t\t\t  <\/div>\n\t\t\t\t<\/div>\n\t\t\t  \t\t\t\t<div class=\"why-card\">\n\t\t\t\t  <div class=\"why-num\">04<\/div>\n\t\t\t\t  <div class=\"why-content\">\n\t\t\t\t\t<h3>Greitis ir kokyb\u0117<\/h3>\n\t\t\t\t\t<p>Greitai reaguojame \u012f darbdavi\u0173 poreikius. Pateikiame tik tinkamus kandidatus \u2013 j\u016bs\u0173 laikas negai\u0161tamas nereikalingiems CV.\n<\/p>\n\t\t\t\t  <\/div>\n\t\t\t\t<\/div>\n\t\t\t  \t\t\t<\/div>\n\t\t  <\/div>\n\t\t<\/section>\n\t\t\t\t\t\t<\/div>\n\t\t\t\t<\/div>\n\t\t\t\t<\/div>\n\t\t<div class=\"elementor-element elementor-element-997d18f e-con-full e-flex wpr-particle-no wpr-jarallax-no wpr-parallax-no wpr-sticky-section-no wpr-equal-height-no e-con e-parent\" data-id=\"997d18f\" data-element_type=\"container\" data-e-type=\"container\">\n\t\t\t\t<div class=\"elementor-element elementor-element-90f28e3 elementor-widget elementor-widget-rta_final_cta\" data-id=\"90f28e3\" data-element_type=\"widget\" data-e-type=\"widget\" data-widget_type=\"rta_final_cta.default\">\n\t\t\t\t<div class=\"elementor-widget-container\">\n\t\t\t\t\t\t\t<section class=\"final-cta\">\n\t\t  <div class=\"container\">\n\t\t\t<div class=\"final-cta-content\">\n\t\t\t  <h2>Pasiruo\u0161\u0119 dirbti su partneriu, kuriuo galite pasitik\u0117ti?<\/h2>\n\t\t\t  <p>Nesvarbu, ar samdote, ar ie\u0161kote darbo \u2013 susisiekite ir aptarkime, kuo galime pad\u0117ti.\n\n<\/p>\t\t\t  <a href=\"#\" class=\"btn btn-white btn-lg\">\n\t\t\t\tSusisiekite \u0161iandien\t\t\t\t<svg class=\"arrow\" width=\"16\" height=\"16\" viewBox=\"0 0 24 24\" fill=\"none\" stroke=\"currentColor\" stroke-width=\"2.5\"><line x1=\"5\" y1=\"12\" x2=\"19\" y2=\"12\"\/><polyline points=\"12 5 19 12 12 19\"\/><\/svg>\n\t\t\t  <\/a>\n\t\t\t<\/div>\n\t\t  <\/div>\n\t\t<\/section>\n\t\t\t\t\t\t<\/div>\n\t\t\t\t<\/div>\n\t\t\t\t<\/div>\n\t\t\t\t<\/div>\n\t\t","protected":false},"excerpt":{"rendered":"<p>Prad\u017eia \/ Apie mus Apie RTA Group Daugiau nei de\u0161imtmet\u012f siejame kvalifikuotus pramon\u0117s specialistus su patikimais u\u017esienio darbdaviais. M\u016aS\u0172 PARTNERIAI Patikimi partneriai u\u017esienyje, su kuriais dirbame Bendradarbiaujame su patikrintais darbdaviais ir specializuotomis \u012fmon\u0117mis u\u017esienio rinkose \u2013 m\u016bs\u0173 darbuotojai \u012fdarbinami \u012f saugius, stabilius projektus su ilgalaikiu bendradarbiavimu. Twin-Boats In\u017eineriniai sprendimai vandens aplinkose Ilgametis partneris, besispecializuojantis j\u016br\u0173 in\u017einerijos projektuose. Apr\u016bpinome juos kvalifikuotais suvirintojais ir metalo apdirbimo specialistais gamybos ir surinkimo darbams. Visit twin-boats.com Henry Allt i Allt Laiv\u0173 ir pramon\u0117s valymas, da\u017eymas ir metalizavimas Patikimas partneris pramoninio pavir\u0161i\u0173 apdirbimo srityje. \u012e j\u0173 projektus siun\u010diame patyrusius pramon\u0117s da\u017eytojus ir pavir\u0161i\u0173 paruo\u0161imo specialistus. Visit alltiallt.com KOD\u0116L RINKTIS MUS Kuo RTA Group i\u0161siskiria Derindami gilias rinkos \u017einias ir kruop\u0161\u010di\u0105 kandidat\u0173 atrank\u0105, pateikiame darbo j\u0117gos sprendimus, kurie veikia i\u0161 pirmo karto. 01 Darbas su u\u017esienio rinkomis Daugiamet\u0117 tiesiogin\u0117 patirtis dirbant su u\u017esienio \u012fmon\u0117mis ir ai\u0161kus j\u0173 reikalavim\u0173, standart\u0173 bei l\u016bkes\u010di\u0173 supratimas. 02 Patikrinti darbuotojai Kiekvienas kandidatas atrenkamas atsakingai \u2013 tikriname patirt\u012f, kvalifikacij\u0105 ir asmenin\u012f patikimum\u0105 prie\u0161 pateikdami darbdaviui. 03 Visapusi\u0161ka \u012fdarbinimo paslauga Tvarkome dokumentus, koordinuojame i\u0161vykim\u0105 ir palaikome ry\u0161\u012f vis\u0105 darbo laikotarp\u012f \u2013 su abiem pus\u0117mis. 04 Greitis ir kokyb\u0117 Greitai reaguojame \u012f darbdavi\u0173 poreikius. Pateikiame tik tinkamus kandidatus \u2013 j\u016bs\u0173 laikas negai\u0161tamas nereikalingiems CV. Pasiruo\u0161\u0119 dirbti su partneriu, kuriuo galite pasitik\u0117ti? Nesvarbu, ar samdote, ar ie\u0161kote darbo \u2013 susisiekite ir aptarkime, kuo galime pad\u0117ti. Susisiekite \u0161iandien<\/p>\n","protected":false},"author":1,"featured_media":0,"parent":0,"menu_order":0,"comment_status":"closed","ping_status":"closed","template":"elementor_header_footer","meta":{"footnotes":""},"class_list":["post-60","page","type-page","status-publish","hentry"],"_links":{"self":[{"href":"https:\/\/rtagroup.lt\/index.php?rest_route=\/wp\/v2\/pages\/60","targetHints":{"allow":["GET"]}}],"collection":[{"href":"https:\/\/rtagroup.lt\/index.php?rest_route=\/wp\/v2\/pages"}],"about":[{"href":"https:\/\/rtagroup.lt\/index.php?rest_route=\/wp\/v2\/types\/page"}],"author":[{"embeddable":true,"href":"https:\/\/rtagroup.lt\/index.php?rest_route=\/wp\/v2\/users\/1"}],"replies":[{"embeddable":true,"href":"https:\/\/rtagroup.lt\/index.php?rest_route=%2Fwp%2Fv2%2Fcomments&post=60"}],"version-history":[{"count":4,"href":"https:\/\/rtagroup.lt\/index.php?rest_route=\/wp\/v2\/pages\/60\/revisions"}],"predecessor-version":[{"id":119,"href":"https:\/\/rtagroup.lt\/index.php?rest_route=\/wp\/v2\/pages\/60\/revisions\/119"}],"wp:attachment":[{"href":"https:\/\/rtagroup.lt\/index.php?rest_route=%2Fwp%2Fv2%2Fmedia&parent=60"}],"curies":[{"name":"wp","href":"https:\/\/api.w.org\/{rel}","templated":true}]}}